{"id":36,"date":"2023-02-18T11:21:50","date_gmt":"2023-02-18T11:21:50","guid":{"rendered":"https:\/\/www.gradinitaforumuluigermansibiu.ro\/?page_id=36"},"modified":"2026-01-15T10:57:14","modified_gmt":"2026-01-15T10:57:14","slug":"despre-noi","status":"publish","type":"page","link":"https:\/\/www.gradinitaforumuluigermansibiu.ro\/de\/despre-noi\/","title":{"rendered":"\u00dcBER UNS"},"content":{"rendered":"<p><strong>Der Forumskindergarten \u2013 Eine gute Wahl f\u00fcr Ihre Kinder<\/strong><\/p>\n\n\n\n<p>Deutsch zu sprechen ist Tradition in Hermannstadt. Tradition verpflichtet. Nicht nur die Kinder unserer Mitglieder, sondern die Kinder aller Hermannst\u00e4dter werden im Forumskindergarten schon fr\u00fch an die deutsche Sprache herangef\u00fchrt. Wir legen gro\u00dfen Wert darauf, dass die Kinder mit rum\u00e4nischer Muttersprache die deutsche Sprache spielerisch kennenlernen. Gleichzeitig f\u00f6rdern wir die Sprachkompetenz der Kinder, die Deutsch von zu Hause kennen. Im Umgang miteinander helfen die Kinder einander und genie\u00dfen eine mehrsprachige Erziehung.<\/p>\n\n\n\n<p>&nbsp;Der Kindergarten bietet von September bis Juli von 08.00 bis 17.00 Uhr ein deutschsprachiges Bildungsprogramm an. Der Kindergarten hat eine Kapazit\u00e4t von 42 Kindern (gro\u00dfe Gruppe - 15 Pl\u00e4tze, mittlere Gruppe - 15 Pl\u00e4tze, kleine Gruppe - 12 Pl\u00e4tze) im Alter zwischen 3 und 6 Jahren. Die Kinder werden von qualifizierten Erzieherinnen und Erziehern betreut und angeleitet, die ein abwechslungsreiches und modernes p\u00e4dagogisches Konzept verfolgen.<\/p>\n\n\n\n<p>Alle R\u00e4ume sind nach den aktuellen Standards ausgestattet. Die Kindertagesst\u00e4tte verf\u00fcgt \u00fcber eine eigene K\u00fcche, in der t\u00e4glich alle Mahlzeiten zubereitet werden. F\u00fcr die n\u00f6tige t\u00e4gliche Bewegung steht uns der Spielplatz zur Verf\u00fcgung, wo die Kinder im Sand, im Spielhaus oder in der Spielanlage spielen k\u00f6nnen. Ein Arzt und ein Psychologe k\u00fcmmern sich um die Gesundheit der Kinder und konsultieren sie regelm\u00e4\u00dfig.<\/p>\n\n\n\n<p>Das Hermannst\u00e4dter Forum betreibt den deutschsprachigen Kindergarten seit 2007. Im Jahr 1990 \u00fcbernahm das Forum die Patenschaft \u00fcber den damals staatlichen Kindergarten.<\/p>\n\n\n\n<p><strong>Der Kindergarten ist von der rum\u00e4nischen Agentur f\u00fcr Qualit\u00e4tssicherung in der voruniversit\u00e4ren Bildung durch OMECT 45405\/02.09.2014 akkreditiert.<\/strong><\/p>\n\n\n\n<p><\/p>\n\n\n\n<p><strong>Modernes Erziehungskonzept \u2013 Sprachbildung, Fr\u00fcherziehung, Kreativit\u00e4t<\/strong><strong><\/strong><\/p>\n\n\n\n<p>Bei der Betreuung der Kinder setzen wir auf ein abwechslungsreiches Programm, das die individuellen St\u00e4rken und Interessen der Kinder ber\u00fccksichtigt. Dabei richten wir uns nach dem rum\u00e4nischen Curriculum.<\/p>\n\n\n\n<p>Ein Schwerpunkt unserer Aktivit\u00e4ten ist das spielerische Erlernen der deutschen Sprache. Wir f\u00f6rdern dies auf vielf\u00e4ltiger Weise: Die Kinder bekommen je nach Alter Bildergeschichten vorgestellt, k\u00f6nnen R\u00e4tsel l\u00f6sen und erz\u00e4hlen. Die notwendige Bewegung erhalten die Kinder beim t\u00e4glichen Spielen auf unserem Spielplatz.&nbsp;<\/p>\n\n\n\n<p><a href=\"https:\/\/www.gradinitaforumuluigermansibiu.ro\/wp-content\/uploads\/2026\/01\/OFERTA-EDUCATIONALA.pdf\" data-type=\"attachment\" data-id=\"363\">BILDUNGSANGEBOT<\/a><\/p>\n\n\n<div class=\"wp-block-image\">\n<figure class=\"aligncenter size-large\"><img loading=\"lazy\" decoding=\"async\" width=\"1024\" height=\"716\" src=\"https:\/\/www.gradinitaforumuluigermansibiu.ro\/wp-content\/uploads\/2023\/02\/DESPRE-NOI-1024x716.jpg\" alt=\"\" class=\"wp-image-95\" srcset=\"https:\/\/www.gradinitaforumuluigermansibiu.ro\/wp-content\/uploads\/2023\/02\/DESPRE-NOI-1024x716.jpg 1024w, https:\/\/www.gradinitaforumuluigermansibiu.ro\/wp-content\/uploads\/2023\/02\/DESPRE-NOI-300x210.jpg 300w, https:\/\/www.gradinitaforumuluigermansibiu.ro\/wp-content\/uploads\/2023\/02\/DESPRE-NOI-768x537.jpg 768w, https:\/\/www.gradinitaforumuluigermansibiu.ro\/wp-content\/uploads\/2023\/02\/DESPRE-NOI-1536x1074.jpg 1536w, https:\/\/www.gradinitaforumuluigermansibiu.ro\/wp-content\/uploads\/2023\/02\/DESPRE-NOI.jpg 2048w\" sizes=\"auto, (max-width: 1024px) 100vw, 1024px\" \/><\/figure>\n<\/div>\n\n\n<p><\/p>","protected":false},"excerpt":{"rendered":"<p>Gr\u0103dini\u021ba Forumului German\u2013 O alegere bun\u0103 pentru copiii dumneavoastr\u0103 A vorbi german\u0103 este o tradi\u021bie \u00een Sibiu. Chiar dac\u0103 num\u0103rul vorbitorilor nativi de limb\u0103 german\u0103 a sc\u0103zut \u00een ultimii ani, noi, cei de la Forumul Democrat al Germanilor din Sibiu, ne sim\u021bim obliga\u021bi s\u0103 ducem mai departe tradi\u021bia \u00eenv\u0103\u021b\u0103m\u00e2ntului \u00een limba german\u0103. Copii tuturor sibienilor,&hellip;&nbsp;<a href=\"https:\/\/www.gradinitaforumuluigermansibiu.ro\/de\/despre-noi\/\" rel=\"bookmark\">Weiterlesen &raquo;<span class=\"screen-reader-text\">\u00dcBER UNS<\/span><\/a><\/p>","protected":false},"author":1,"featured_media":0,"parent":0,"menu_order":0,"comment_status":"closed","ping_status":"closed","template":"","meta":{"neve_meta_sidebar":"","neve_meta_container":"","neve_meta_enable_content_width":"","neve_meta_content_width":0,"neve_meta_title_alignment":"","neve_meta_author_avatar":"","neve_post_elements_order":"","neve_meta_disable_header":"","neve_meta_disable_footer":"","neve_meta_disable_title":"","footnotes":""},"class_list":["post-36","page","type-page","status-publish","hentry"],"_links":{"self":[{"href":"https:\/\/www.gradinitaforumuluigermansibiu.ro\/de\/wp-json\/wp\/v2\/pages\/36","targetHints":{"allow":["GET"]}}],"collection":[{"href":"https:\/\/www.gradinitaforumuluigermansibiu.ro\/de\/wp-json\/wp\/v2\/pages"}],"about":[{"href":"https:\/\/www.gradinitaforumuluigermansibiu.ro\/de\/wp-json\/wp\/v2\/types\/page"}],"author":[{"embeddable":true,"href":"https:\/\/www.gradinitaforumuluigermansibiu.ro\/de\/wp-json\/wp\/v2\/users\/1"}],"replies":[{"embeddable":true,"href":"https:\/\/www.gradinitaforumuluigermansibiu.ro\/de\/wp-json\/wp\/v2\/comments?post=36"}],"version-history":[{"count":9,"href":"https:\/\/www.gradinitaforumuluigermansibiu.ro\/de\/wp-json\/wp\/v2\/pages\/36\/revisions"}],"predecessor-version":[{"id":366,"href":"https:\/\/www.gradinitaforumuluigermansibiu.ro\/de\/wp-json\/wp\/v2\/pages\/36\/revisions\/366"}],"wp:attachment":[{"href":"https:\/\/www.gradinitaforumuluigermansibiu.ro\/de\/wp-json\/wp\/v2\/media?parent=36"}],"curies":[{"name":"wp","href":"https:\/\/api.w.org\/{rel}","templated":true}]}}