{"id":38,"date":"2023-02-18T11:22:10","date_gmt":"2023-02-18T11:22:10","guid":{"rendered":"https:\/\/www.gradinitaforumuluigermansibiu.ro\/?page_id=38"},"modified":"2026-04-24T10:23:38","modified_gmt":"2026-04-24T10:23:38","slug":"inscrieri","status":"publish","type":"page","link":"https:\/\/www.gradinitaforumuluigermansibiu.ro\/de\/inscrieri\/","title":{"rendered":"EINSCHREIBUNGEN"},"content":{"rendered":"<figure class=\"wp-block-image size-large\"><img loading=\"lazy\" decoding=\"async\" width=\"723\" height=\"1024\" src=\"https:\/\/www.gradinitaforumuluigermansibiu.ro\/wp-content\/uploads\/2026\/04\/WhatsApp-Image-2026-04-22-at-11.07.50-723x1024.jpeg\" alt=\"\" class=\"wp-image-434\" srcset=\"https:\/\/www.gradinitaforumuluigermansibiu.ro\/wp-content\/uploads\/2026\/04\/WhatsApp-Image-2026-04-22-at-11.07.50-723x1024.jpeg 723w, https:\/\/www.gradinitaforumuluigermansibiu.ro\/wp-content\/uploads\/2026\/04\/WhatsApp-Image-2026-04-22-at-11.07.50-212x300.jpeg 212w, https:\/\/www.gradinitaforumuluigermansibiu.ro\/wp-content\/uploads\/2026\/04\/WhatsApp-Image-2026-04-22-at-11.07.50-768x1087.jpeg 768w, https:\/\/www.gradinitaforumuluigermansibiu.ro\/wp-content\/uploads\/2026\/04\/WhatsApp-Image-2026-04-22-at-11.07.50-8x12.jpeg 8w, https:\/\/www.gradinitaforumuluigermansibiu.ro\/wp-content\/uploads\/2026\/04\/WhatsApp-Image-2026-04-22-at-11.07.50.jpeg 1054w\" sizes=\"auto, (max-width: 723px) 100vw, 723px\" \/><\/figure>\n\n\n\n<p><\/p>\n\n\n\n<p>Die Einschreibungsantr\u00e4ge f\u00fcr das Schuljahr 2025-2026 sind zusammen mit den erforderlichen Unterlagen eingescannt zu senden an <a href=\"mailto:gradiforum@gmail.com\">gradiforum@gmail.com<\/a> NUR w\u00e4hrend des Einschreibungszeitraums, d. h. <strong>26.05-30.05.2025<\/strong>. <strong>Letzter Tag f\u00fcr die Anmeldung ist der 30.05. um 13.00 Uhr<\/strong><\/p>\n\n\n\n<p><strong>F\u00fcr die Einschreibung sind folgende Unterlagen notwendig:<\/strong><\/p>\n\n\n\n<ul class=\"wp-block-list\">\n<li>Anmeldeformular <a href=\"https:\/\/www.gradinitaforumuluigermansibiu.ro\/wp-content\/uploads\/2025\/05\/CERERE-INSCRIERE-2025.pdf\" target=\"_blank\" rel=\"noreferrer noopener\">hier<\/a> herunterladen<\/li>\n\n\n\n<li>Ablichtung des Geburtsscheins<\/li>\n\n\n\n<li>Ablichtung der Personalausweise der Eltern<\/li>\n\n\n\n<li>Dovad\u0103 a apartenen\u021bei la etnia german\u0103 (dac\u0103 este cazul)<\/li>\n<\/ul>\n\n\n\n<p><strong>Freie Pl\u00e4tze f\u00fcr das Schuljahr 2025-2026:<\/strong><\/p>\n\n\n\n<ul class=\"wp-block-list\">\n<li>kleine Gruppe (3-4 Jahre) - 12 Pl\u00e4tze<\/li>\n\n\n\n<li>mittlere Gruppe (4-5 Jahre) - 3 Pl\u00e4tze<\/li>\n<\/ul>\n\n\n\n<p><strong>Kriterien:<\/strong><\/p>\n\n\n\n<ul class=\"wp-block-list\">\n<li>Vorrang haben die Kinder, die am 1. September des laufenden Jahres 3 Jahre alt sind<\/li>\n\n\n\n<li>Vorrang haben die Kinder, deren Geschwister bereits in unserem Kindergarten eingeschrieben sind<\/li>\n\n\n\n<li>Vorrang f\u00fcr Deutschst\u00e4mmige<\/li>\n<\/ul>\n\n\n\n<p>Falls w\u00e4hrend des Schuljahres ein Platz frei wird, kann dieser von einem Kind in Anspruch genommen werden, das bereits \u00fcber eine Anmeldung verf\u00fcgt.<\/p>\n\n\n\n<p><strong>Kindergartengeb\u00fchren<\/strong><strong><\/strong><\/p>\n\n\n\n<p><strong>Tax\u0103 de \u0219colarizare<\/strong>: <\/p>\n\n\n\n<ul class=\"wp-block-list\">\n<li>Program prelungit (8.00-17.00): 2000 Lei<\/li>\n\n\n\n<li>Program normal (8.00-13.00): 1850 Lei<\/li>\n<\/ul>\n\n\n\n<p><strong>Tax\u0103 de hran\u0103<\/strong>: 20Lei\/ zi<\/p>\n\n\n\n<p>F.D.G.S.-Mitglieder (mindestens drei Jahre) erhalten einen 50%-Rabatt und Geschwister einen 20%-Rabatt.<\/p>\n\n\n\n<figure class=\"wp-block-image size-large is-resized\"><img loading=\"lazy\" decoding=\"async\" width=\"1024\" height=\"768\" src=\"https:\/\/www.gradinitaforumuluigermansibiu.ro\/wp-content\/uploads\/2024\/04\/IMG-20240410-WA0004-1-1024x768.jpg\" alt=\"\" class=\"wp-image-281\" style=\"width:394px;height:auto\" srcset=\"https:\/\/www.gradinitaforumuluigermansibiu.ro\/wp-content\/uploads\/2024\/04\/IMG-20240410-WA0004-1-1024x768.jpg 1024w, https:\/\/www.gradinitaforumuluigermansibiu.ro\/wp-content\/uploads\/2024\/04\/IMG-20240410-WA0004-1-300x225.jpg 300w, https:\/\/www.gradinitaforumuluigermansibiu.ro\/wp-content\/uploads\/2024\/04\/IMG-20240410-WA0004-1-768x576.jpg 768w, https:\/\/www.gradinitaforumuluigermansibiu.ro\/wp-content\/uploads\/2024\/04\/IMG-20240410-WA0004-1-1536x1152.jpg 1536w, https:\/\/www.gradinitaforumuluigermansibiu.ro\/wp-content\/uploads\/2024\/04\/IMG-20240410-WA0004-1-16x12.jpg 16w, https:\/\/www.gradinitaforumuluigermansibiu.ro\/wp-content\/uploads\/2024\/04\/IMG-20240410-WA0004-1.jpg 2048w\" sizes=\"auto, (max-width: 1024px) 100vw, 1024px\" \/><\/figure>\n\n\n\n<p>MITTELGRUPPE<\/p>\n\n\n\n<figure class=\"wp-block-image size-large is-resized\"><img loading=\"lazy\" decoding=\"async\" width=\"1024\" height=\"768\" src=\"https:\/\/www.gradinitaforumuluigermansibiu.ro\/wp-content\/uploads\/2024\/04\/IMG-20240410-WA0002-1024x768.jpg\" alt=\"\" class=\"wp-image-276\" style=\"width:398px;height:auto\" srcset=\"https:\/\/www.gradinitaforumuluigermansibiu.ro\/wp-content\/uploads\/2024\/04\/IMG-20240410-WA0002-1024x768.jpg 1024w, https:\/\/www.gradinitaforumuluigermansibiu.ro\/wp-content\/uploads\/2024\/04\/IMG-20240410-WA0002-300x225.jpg 300w, https:\/\/www.gradinitaforumuluigermansibiu.ro\/wp-content\/uploads\/2024\/04\/IMG-20240410-WA0002-768x576.jpg 768w, https:\/\/www.gradinitaforumuluigermansibiu.ro\/wp-content\/uploads\/2024\/04\/IMG-20240410-WA0002-1536x1152.jpg 1536w, https:\/\/www.gradinitaforumuluigermansibiu.ro\/wp-content\/uploads\/2024\/04\/IMG-20240410-WA0002-16x12.jpg 16w, https:\/\/www.gradinitaforumuluigermansibiu.ro\/wp-content\/uploads\/2024\/04\/IMG-20240410-WA0002.jpg 2048w\" sizes=\"auto, (max-width: 1024px) 100vw, 1024px\" \/><figcaption class=\"wp-element-caption\">KLEINE GRUPPE<\/figcaption><\/figure>\n\n\n\n<figure class=\"wp-block-image size-large is-resized\"><img loading=\"lazy\" decoding=\"async\" width=\"1024\" height=\"768\" src=\"https:\/\/www.gradinitaforumuluigermansibiu.ro\/wp-content\/uploads\/2024\/04\/IMG-20240410-WA0001-1024x768.jpg\" alt=\"\" class=\"wp-image-277\" style=\"width:406px;height:auto\" srcset=\"https:\/\/www.gradinitaforumuluigermansibiu.ro\/wp-content\/uploads\/2024\/04\/IMG-20240410-WA0001-1024x768.jpg 1024w, https:\/\/www.gradinitaforumuluigermansibiu.ro\/wp-content\/uploads\/2024\/04\/IMG-20240410-WA0001-300x225.jpg 300w, https:\/\/www.gradinitaforumuluigermansibiu.ro\/wp-content\/uploads\/2024\/04\/IMG-20240410-WA0001-768x576.jpg 768w, https:\/\/www.gradinitaforumuluigermansibiu.ro\/wp-content\/uploads\/2024\/04\/IMG-20240410-WA0001-1536x1152.jpg 1536w, https:\/\/www.gradinitaforumuluigermansibiu.ro\/wp-content\/uploads\/2024\/04\/IMG-20240410-WA0001-16x12.jpg 16w, https:\/\/www.gradinitaforumuluigermansibiu.ro\/wp-content\/uploads\/2024\/04\/IMG-20240410-WA0001.jpg 2048w\" sizes=\"auto, (max-width: 1024px) 100vw, 1024px\" \/><figcaption class=\"wp-element-caption\">SANIT\u00c4TSGRUPPE<\/figcaption><\/figure>\n\n\n<div class=\"wp-block-image\">\n<figure class=\"aligncenter size-large is-resized\"><img loading=\"lazy\" decoding=\"async\" width=\"1024\" height=\"640\" src=\"https:\/\/www.gradinitaforumuluigermansibiu.ro\/wp-content\/uploads\/2023\/02\/INSCRIERI-1024x640.jpg\" alt=\"\" class=\"wp-image-100\" style=\"width:731px;height:457px\" srcset=\"https:\/\/www.gradinitaforumuluigermansibiu.ro\/wp-content\/uploads\/2023\/02\/INSCRIERI-1024x640.jpg 1024w, https:\/\/www.gradinitaforumuluigermansibiu.ro\/wp-content\/uploads\/2023\/02\/INSCRIERI-300x187.jpg 300w, https:\/\/www.gradinitaforumuluigermansibiu.ro\/wp-content\/uploads\/2023\/02\/INSCRIERI-768x480.jpg 768w, https:\/\/www.gradinitaforumuluigermansibiu.ro\/wp-content\/uploads\/2023\/02\/INSCRIERI-1536x959.jpg 1536w, https:\/\/www.gradinitaforumuluigermansibiu.ro\/wp-content\/uploads\/2023\/02\/INSCRIERI.jpg 2048w\" sizes=\"auto, (max-width: 1024px) 100vw, 1024px\" \/><\/figure>\n<\/div>\n\n\n<p><\/p>","protected":false},"excerpt":{"rendered":"<p>Cererile de \u00eenscriere pentru anul \u0219colar 2025-2026 se trimit \u00eempreun\u0103 cu documentele necesare se trimit scanate la adresa gradiforum@gmail.com DOAR \u00een perioada de \u00eenscriere, anume 26.05-30.05.2025. Ultima zi de \u00eenscriere este 30.05 ora 13.00 Documentele necesare \u00eenscrierii: Locuri disponibile pentru anul \u0219colar 2025-2026: Criterii de \u00eenscriere: \u00cen cazul eliber\u0103rii unui loc pe parcursul anului \u0219colar,&hellip;&nbsp;<a href=\"https:\/\/www.gradinitaforumuluigermansibiu.ro\/de\/inscrieri\/\" rel=\"bookmark\">Weiterlesen &raquo;<span class=\"screen-reader-text\">EINSCHREIBUNGEN<\/span><\/a><\/p>","protected":false},"author":1,"featured_media":0,"parent":0,"menu_order":0,"comment_status":"closed","ping_status":"closed","template":"","meta":{"neve_meta_sidebar":"","neve_meta_container":"","neve_meta_enable_content_width":"","neve_meta_content_width":0,"neve_meta_title_alignment":"","neve_meta_author_avatar":"","neve_post_elements_order":"","neve_meta_disable_header":"","neve_meta_disable_footer":"","neve_meta_disable_title":"","footnotes":""},"class_list":["post-38","page","type-page","status-publish","hentry"],"_links":{"self":[{"href":"https:\/\/www.gradinitaforumuluigermansibiu.ro\/de\/wp-json\/wp\/v2\/pages\/38","targetHints":{"allow":["GET"]}}],"collection":[{"href":"https:\/\/www.gradinitaforumuluigermansibiu.ro\/de\/wp-json\/wp\/v2\/pages"}],"about":[{"href":"https:\/\/www.gradinitaforumuluigermansibiu.ro\/de\/wp-json\/wp\/v2\/types\/page"}],"author":[{"embeddable":true,"href":"https:\/\/www.gradinitaforumuluigermansibiu.ro\/de\/wp-json\/wp\/v2\/users\/1"}],"replies":[{"embeddable":true,"href":"https:\/\/www.gradinitaforumuluigermansibiu.ro\/de\/wp-json\/wp\/v2\/comments?post=38"}],"version-history":[{"count":35,"href":"https:\/\/www.gradinitaforumuluigermansibiu.ro\/de\/wp-json\/wp\/v2\/pages\/38\/revisions"}],"predecessor-version":[{"id":436,"href":"https:\/\/www.gradinitaforumuluigermansibiu.ro\/de\/wp-json\/wp\/v2\/pages\/38\/revisions\/436"}],"wp:attachment":[{"href":"https:\/\/www.gradinitaforumuluigermansibiu.ro\/de\/wp-json\/wp\/v2\/media?parent=38"}],"curies":[{"name":"wp","href":"https:\/\/api.w.org\/{rel}","templated":true}]}}